{"id":120,"date":"2023-09-28T14:32:46","date_gmt":"2023-09-28T12:32:46","guid":{"rendered":"https:\/\/www.omart.it\/it\/?page_id=120"},"modified":"2024-07-19T17:02:21","modified_gmt":"2024-07-19T15:02:21","slug":"lavorazioni","status":"publish","type":"page","link":"https:\/\/www.omart.it\/it\/lavorazioni\/","title":{"rendered":"Lavorazioni"},"content":{"rendered":"\n<p><strong>OMART<\/strong> da oltre quarant&#8217;anni \u00e8 specializzata nella lavorazione e fornitura di particolari per<br>macchine movimento terra, trasporto pesante e gruppi meccanici assemblati in base alle esigenze del<br>cliente.<\/p>\n\n\n\n<p>Costantemente investiamo su macchinari ad alta tecnologia ed il nostro parco macchine \u00e8<br>composto da:<\/p>\n\n\n\n<p>n. 50 torni a controllo numerico orizzontali con capacit\u00e0 di tornitura diam. 300\/700<br>n. 6 torni a controllo numerico verticali con capacit\u00e0 di tornitura diam. 1000\/1200<br>n. 2 torni bimandrino a 4 assi con capacit\u00e0 di tornitura diam. 500<br>n. 2 celle tornitura a portale con capacit\u00e0 di tornitura diam. 300 composte da 2 torni ciascuna<br>n. 1 cella di tornitura con robot con capacit\u00e0 di tornitura diam. 250 composta da 2 torni<br>n. 2 celle di tornit.composte da 2 torni ciascuna ad asse verticale con capacit\u00e0 di tornitura \u00d8 400<br>n. 3 centri di lavoro orizzontali a 2 pallet 600&#215;600 Okuma<br>n. 1 centro di lavoro orizzontale a 14 pallet 500&#215;500 MCM<br>n. 3 centri di lavoro orizzontali a 4 pallet 500&#215;500 MCM<br>n. 3 centri di lavoro orizzontali a 10 pallet 500&#215;500 Okuma<br>n. 7 centri di lavoro verticali a 2 pallet 500&#215;1000 Famup<br>n. 3 centri di lavoro verticali con tavola 500&#215;600 Famup<br>n. 4 foratrici orizzontali multiple per fori profondi da 400 a 1.000 mm<br>n. 1 brocciatrice<br>n. 5 impianti di tempra ad induzione da 100 a 300 Kw media frequenza<br>n. 1 forno per distensione<br>n. 10 saldatrici a filo<br>n. 2 impianti di saldatura robotizzati in CO2<br>n. 4 rettifiche per esterni<br>n. 4 rettifiche senza centri<br>n. 1 taglio al plasma<br>n. 2 lappatrici per piani<br>n. 8 carrelli elevatori<br>n. 1 lavatrice Ceerver<\/p>\n\n\n\n<p><br>E&#8217; disponibile, inoltre, un reparto collaudo dotato di:<\/p>\n\n\n\n<ul class=\"wp-block-list\">\n<li>magnetoscopio per controlli non distruttivi<\/li>\n\n\n\n<li>una macchina di misura a portale Brown &amp; Sharpe Dea<\/li>\n\n\n\n<li>durometri e strumenti vari necessari per il controllo e certificazione del prodotto.<\/li>\n<\/ul>\n","protected":false},"excerpt":{"rendered":"<p>OMART da oltre quarant&#8217;anni \u00e8 specializzata nella lavorazione e fornitura di particolari permacchine movimento terra, trasporto pesante e gruppi meccanici assemblati in base alle esigenze delcliente. Costantemente investiamo su macchinari ad alta tecnologia ed il nostro parco macchine \u00e8composto da: n. 50 torni a controllo numerico orizzontali con capacit\u00e0 di tornitura diam. 300\/700n. 6 torni&hellip; <br \/> <a class=\"read-more\" href=\"https:\/\/www.omart.it\/it\/lavorazioni\/\">Leggi tutto<\/a><\/p>\n","protected":false},"author":1,"featured_media":0,"parent":0,"menu_order":0,"comment_status":"closed","ping_status":"closed","template":"","meta":{"ngg_post_thumbnail":0,"footnotes":""},"class_list":["post-120","page","type-page","status-publish","hentry"],"yoast_head":"<!-- This site is optimized with the Yoast SEO plugin v23.6 - https:\/\/yoast.com\/wordpress\/plugins\/seo\/ -->\n<title>Lavorazioni - OMART<\/title>\n<meta name=\"robots\" content=\"index, follow, max-snippet:-1, max-image-preview:large, max-video-preview:-1\" \/>\n<link rel=\"canonical\" href=\"http:\/\/www.omart.it\/it\/lavorazioni\/\" \/>\n<meta property=\"og:locale\" content=\"it_IT\" \/>\n<meta property=\"og:type\" content=\"article\" \/>\n<meta property=\"og:title\" content=\"Lavorazioni - OMART\" \/>\n<meta property=\"og:description\" content=\"OMART da oltre quarant&#8217;anni \u00e8 specializzata nella lavorazione e fornitura di particolari permacchine movimento terra, trasporto pesante e gruppi meccanici assemblati in base alle esigenze delcliente. Costantemente investiamo su macchinari ad alta tecnologia ed il nostro parco macchine \u00e8composto da: n. 50 torni a controllo numerico orizzontali con capacit\u00e0 di tornitura diam. 300\/700n. 6 torni&hellip; Leggi tutto\" \/>\n<meta property=\"og:url\" content=\"http:\/\/www.omart.it\/it\/lavorazioni\/\" \/>\n<meta property=\"og:site_name\" content=\"OMART\" \/>\n<meta property=\"article:modified_time\" content=\"2024-07-19T15:02:21+00:00\" \/>\n<meta name=\"twitter:card\" content=\"summary_large_image\" \/>\n<meta name=\"twitter:label1\" content=\"Tempo di lettura stimato\" \/>\n\t<meta name=\"twitter:data1\" content=\"2 minuti\" \/>\n<script type=\"application\/ld+json\" class=\"yoast-schema-graph\">{\"@context\":\"https:\/\/schema.org\",\"@graph\":[{\"@type\":\"WebPage\",\"@id\":\"http:\/\/www.omart.it\/it\/lavorazioni\/\",\"url\":\"http:\/\/www.omart.it\/it\/lavorazioni\/\",\"name\":\"Lavorazioni - OMART\",\"isPartOf\":{\"@id\":\"https:\/\/www.omart.it\/it\/#website\"},\"datePublished\":\"2023-09-28T12:32:46+00:00\",\"dateModified\":\"2024-07-19T15:02:21+00:00\",\"breadcrumb\":{\"@id\":\"http:\/\/www.omart.it\/it\/lavorazioni\/#breadcrumb\"},\"inLanguage\":\"it-IT\",\"potentialAction\":[{\"@type\":\"ReadAction\",\"target\":[\"http:\/\/www.omart.it\/it\/lavorazioni\/\"]}]},{\"@type\":\"BreadcrumbList\",\"@id\":\"http:\/\/www.omart.it\/it\/lavorazioni\/#breadcrumb\",\"itemListElement\":[{\"@type\":\"ListItem\",\"position\":1,\"name\":\"Home\",\"item\":\"http:\/\/www.omart.it\/it\/\"},{\"@type\":\"ListItem\",\"position\":2,\"name\":\"Lavorazioni\"}]},{\"@type\":\"WebSite\",\"@id\":\"https:\/\/www.omart.it\/it\/#website\",\"url\":\"https:\/\/www.omart.it\/it\/\",\"name\":\"OMART\",\"description\":\"lavoriamo con passione\",\"publisher\":{\"@id\":\"https:\/\/www.omart.it\/it\/#organization\"},\"potentialAction\":[{\"@type\":\"SearchAction\",\"target\":{\"@type\":\"EntryPoint\",\"urlTemplate\":\"https:\/\/www.omart.it\/it\/?s={search_term_string}\"},\"query-input\":{\"@type\":\"PropertyValueSpecification\",\"valueRequired\":true,\"valueName\":\"search_term_string\"}}],\"inLanguage\":\"it-IT\"},{\"@type\":\"Organization\",\"@id\":\"https:\/\/www.omart.it\/it\/#organization\",\"name\":\"OMART\",\"url\":\"https:\/\/www.omart.it\/it\/\",\"logo\":{\"@type\":\"ImageObject\",\"inLanguage\":\"it-IT\",\"@id\":\"https:\/\/www.omart.it\/it\/#\/schema\/logo\/image\/\",\"url\":\"https:\/\/www.omart.it\/it\/wp-content\/uploads\/2023\/09\/logo_omart.png\",\"contentUrl\":\"https:\/\/www.omart.it\/it\/wp-content\/uploads\/2023\/09\/logo_omart.png\",\"width\":950,\"height\":385,\"caption\":\"OMART\"},\"image\":{\"@id\":\"https:\/\/www.omart.it\/it\/#\/schema\/logo\/image\/\"}}]}<\/script>\n<!-- \/ Yoast SEO plugin. -->","yoast_head_json":{"title":"Lavorazioni - OMART","robots":{"index":"index","follow":"follow","max-snippet":"max-snippet:-1","max-image-preview":"max-image-preview:large","max-video-preview":"max-video-preview:-1"},"canonical":"http:\/\/www.omart.it\/it\/lavorazioni\/","og_locale":"it_IT","og_type":"article","og_title":"Lavorazioni - OMART","og_description":"OMART da oltre quarant&#8217;anni \u00e8 specializzata nella lavorazione e fornitura di particolari permacchine movimento terra, trasporto pesante e gruppi meccanici assemblati in base alle esigenze delcliente. Costantemente investiamo su macchinari ad alta tecnologia ed il nostro parco macchine \u00e8composto da: n. 50 torni a controllo numerico orizzontali con capacit\u00e0 di tornitura diam. 300\/700n. 6 torni&hellip; Leggi tutto","og_url":"http:\/\/www.omart.it\/it\/lavorazioni\/","og_site_name":"OMART","article_modified_time":"2024-07-19T15:02:21+00:00","twitter_card":"summary_large_image","twitter_misc":{"Tempo di lettura stimato":"2 minuti"},"schema":{"@context":"https:\/\/schema.org","@graph":[{"@type":"WebPage","@id":"http:\/\/www.omart.it\/it\/lavorazioni\/","url":"http:\/\/www.omart.it\/it\/lavorazioni\/","name":"Lavorazioni - OMART","isPartOf":{"@id":"https:\/\/www.omart.it\/it\/#website"},"datePublished":"2023-09-28T12:32:46+00:00","dateModified":"2024-07-19T15:02:21+00:00","breadcrumb":{"@id":"http:\/\/www.omart.it\/it\/lavorazioni\/#breadcrumb"},"inLanguage":"it-IT","potentialAction":[{"@type":"ReadAction","target":["http:\/\/www.omart.it\/it\/lavorazioni\/"]}]},{"@type":"BreadcrumbList","@id":"http:\/\/www.omart.it\/it\/lavorazioni\/#breadcrumb","itemListElement":[{"@type":"ListItem","position":1,"name":"Home","item":"http:\/\/www.omart.it\/it\/"},{"@type":"ListItem","position":2,"name":"Lavorazioni"}]},{"@type":"WebSite","@id":"https:\/\/www.omart.it\/it\/#website","url":"https:\/\/www.omart.it\/it\/","name":"OMART","description":"lavoriamo con passione","publisher":{"@id":"https:\/\/www.omart.it\/it\/#organization"},"potentialAction":[{"@type":"SearchAction","target":{"@type":"EntryPoint","urlTemplate":"https:\/\/www.omart.it\/it\/?s={search_term_string}"},"query-input":{"@type":"PropertyValueSpecification","valueRequired":true,"valueName":"search_term_string"}}],"inLanguage":"it-IT"},{"@type":"Organization","@id":"https:\/\/www.omart.it\/it\/#organization","name":"OMART","url":"https:\/\/www.omart.it\/it\/","logo":{"@type":"ImageObject","inLanguage":"it-IT","@id":"https:\/\/www.omart.it\/it\/#\/schema\/logo\/image\/","url":"https:\/\/www.omart.it\/it\/wp-content\/uploads\/2023\/09\/logo_omart.png","contentUrl":"https:\/\/www.omart.it\/it\/wp-content\/uploads\/2023\/09\/logo_omart.png","width":950,"height":385,"caption":"OMART"},"image":{"@id":"https:\/\/www.omart.it\/it\/#\/schema\/logo\/image\/"}}]}},"_links":{"self":[{"href":"https:\/\/www.omart.it\/it\/wp-json\/wp\/v2\/pages\/120","targetHints":{"allow":["GET"]}}],"collection":[{"href":"https:\/\/www.omart.it\/it\/wp-json\/wp\/v2\/pages"}],"about":[{"href":"https:\/\/www.omart.it\/it\/wp-json\/wp\/v2\/types\/page"}],"author":[{"embeddable":true,"href":"https:\/\/www.omart.it\/it\/wp-json\/wp\/v2\/users\/1"}],"replies":[{"embeddable":true,"href":"https:\/\/www.omart.it\/it\/wp-json\/wp\/v2\/comments?post=120"}],"version-history":[{"count":7,"href":"https:\/\/www.omart.it\/it\/wp-json\/wp\/v2\/pages\/120\/revisions"}],"predecessor-version":[{"id":247,"href":"https:\/\/www.omart.it\/it\/wp-json\/wp\/v2\/pages\/120\/revisions\/247"}],"wp:attachment":[{"href":"https:\/\/www.omart.it\/it\/wp-json\/wp\/v2\/media?parent=120"}],"curies":[{"name":"wp","href":"https:\/\/api.w.org\/{rel}","templated":true}]}}