{"id":3,"date":"2023-03-08T11:41:47","date_gmt":"2023-03-08T10:41:47","guid":{"rendered":"http:\/\/www.omart.it\/it\/?page_id=3"},"modified":"2024-07-19T16:44:01","modified_gmt":"2024-07-19T14:44:01","slug":"privacy-policy","status":"publish","type":"page","link":"https:\/\/www.omart.it\/it\/privacy-policy\/","title":{"rendered":"Privacy Policy"},"content":{"rendered":"\n<p>Informativa Privacy agli Utenti.<\/p>\n\n\n\n<p>Omart di S. Girardi &amp; C. S.n.c.&nbsp;con sede legale in Via Corriva, 22, 31050 Vedelago TV, proprietario del sito internet <a href=\"https:\/\/www.omart.it\/\">https:\/\/www.omart.it\/<\/a> (di seguito, il \u201cSito\u201d), in qualit\u00e0 di&nbsp;titolare del trattamento&nbsp;dei dati personali&nbsp;degli utenti che navigano e che sono iscritti al Sito (di seguito, gli \u201cUtenti\u201d) fornisce qui di seguito l\u2019informativa privacy ai sensi dell\u2019art. 13 del D.Lgs. 196\/2003 (di seguito, il \u201cCodice Privacy\u201d) e ai sensi dell\u2019art. 13 del Regolamento UE 2016\/679 del 27 aprile 2016 (di seguito, \u201cRegolamento\u201d, il Regolamento e il Codice Privacy sono insieme definiti \u201cNormativa Applicabile\u201d).<\/p>\n\n\n\n<p>Il Titolare tiene nella massima considerazione il diritto alla privacy ed alla protezione dei dati personali dei propri Utenti. Per ogni informazione in relazione alla presente informativa privacy, gli Utenti possono&nbsp;contattare il Titolare&nbsp;in qualsiasi momento, utilizzando le seguenti modalit\u00e0 descritte al punto 4.<\/p>\n\n\n\n<p>Finalit\u00e0 del trattamento.<\/p>\n\n\n\n<p>I dati personali degli Utenti saranno trattati lecitamente dal Titolare ai sensi dell\u2019art. 6 del Regolamento per le seguenti finalit\u00e0 di trattamento:<\/p>\n\n\n\n<p>Navigazione del sito,&nbsp;in relazione alla possibilit\u00e0 di rilevare dati dell\u2019Utente necessari a livello tecnico, quali ad es. l\u2019indirizzo IP, durante la navigazione del sito.<\/p>\n\n\n\n<p>Invio di newsletter informative,&nbsp;previa specifica richiesta dell\u2019interessato.<\/p>\n\n\n\n<p>Risposta a tue richieste di informazioni,&nbsp;a noi pervenute tramite l\u2019apposito form di contatto.<\/p>\n\n\n\n<p>Registrazione all\u2019area riservata del sito,&nbsp;tramite cui accedere a documenti tecnici e commerciali, Supporti operativi, Dichiarazioni e certificati, Voci di capitolato, Accesso al programma per effettuare preventivi, Cataloghi e listini.<\/p>\n\n\n\n<p>Obblighi di legge, ovvero per adempiere ad obblighi previsti dalla legge, da un\u2019autorit\u00e0, da un regolamento o dalla normativa europea.<\/p>\n\n\n\n<p>Obblighi contrattuali e fornitura del servizio in caso di acquisti on line, per dare esecuzione alle Condizioni generali di Vendita, che sono accettate dall\u2019Utente in fase di registrazione sul Sito e adempiere a specifiche richieste dell\u2019Utente.<\/p>\n\n\n\n<p>I dati dell\u2019utente raccolti dal Titolare ai fini dell\u2019eventuale registrazione sul Sito includono:&nbsp;<\/p>\n\n\n\n<p>Obbligatori:&nbsp;Email, Password, Nome utente, Nazione,&nbsp;Facoltativi: tutte le informazioni personali dell\u2019Utente eventualmente e volontariamente pubblicate. I dati personali dell\u2019Utente saranno utilizzati dal Titolare al fine esclusivo di accertare l\u2019identit\u00e0 dell\u2019Utente (anche tramite validazione dell\u2019indirizzo di posta elettronica), evitando cos\u00ec possibili truffe o abusi, e contattare l\u2019Utente per sole ragioni di servizio (es. inviare notifiche relative ai servizi offerti sul Sito). Fermo restando quanto previsto altrove in questa informativa privacy, in nessun caso il Titolare render\u00e0 accessibili agli altri Utenti e\/o a terzi i dati personali degli Utenti.<\/p>\n\n\n\n<p>Il conferimento dei dati personali per le finalit\u00e0 di trattamento sopra indicate \u00e8 facoltativo ma necessario, poich\u00e9 il mancato conferimento degli stessi comporter\u00e0 l\u2019impossibilit\u00e0 per l\u2019Utente di navigare sul sito, iscriversi al Sito e usufruire dei servizi offerti dal Titolare sul Sito.<\/p>\n\n\n\n<p>Con riferimento alle finalit\u00e0 di cui ai punti 1\/a, 1\/b, 1\/c, 1\/d, 1\/f la base giuridica del trattamento \u00e8 infatti l\u2019esecuzione dei servizi forniti attraverso il Sito e da Lei richiesti (ai sensi dell\u2019articolo 6, comma 1, lett. b del Regolamento Privacy 2016\/679); con riferimento alle finalit\u00e0 di cui al punto 1\/e, 1\/g del precedente paragrafo, la base giuridica del trattamento \u00e8 di adempiere un obbligo legale al quale \u00e8 soggetto il titolare del trattamento (ai sensi dell\u2019articolo 6, comma 1, lett. c del Regolamento Privacy 2016\/679).<\/p>\n\n\n\n<p>Modalit\u00e0 di trattamento e tempi di conservazione dei dati.<\/p>\n\n\n\n<p>Il Titolare tratter\u00e0 i dati personali degli Utenti mediante strumenti manuali ed informatici, con logiche strettamente correlate alle finalit\u00e0 stesse e, comunque, in modo da garantire la sicurezza e la riservatezza dei dati stessi.<\/p>\n\n\n\n<p>I dati personali degli Utenti del Sito saranno conservati per i tempi strettamente necessari ad espletare le finalit\u00e0 illustrate al precedente paragrafo 1, o comunque secondo quanto necessario per la tutela in sede civilistica degli interessi sia degli Utenti che del Titolare. In relazione alla finalit\u00e0 di cui al punto 1.b i dati saranno conservati fino a quando Lei non si opporr\u00e0 all\u2019invio della newsletter, attraverso l\u2019apposito link contenuto nella stessa o attraverso le modalit\u00e0 di esercizio dei diritti di cui al paragrafo 4.<\/p>\n\n\n\n<p>&nbsp;Ambito di comunicazione e diffusione dei dati.<\/p>\n\n\n\n<p>Potranno venire a conoscenza dei dati personali degli Utenti i dipendenti e\/o collaboratori del Titolare incaricati di gestire il Sito. Tali soggetti, che sono formalmente nominati dal Titolare quali \u201cincaricati del trattamento\u201d, tratteranno i dati dell\u2019Utente esclusivamente per le finalit\u00e0 indicate nella presente informativa e nel rispetto delle previsioni della Normativa Applicabile.<\/p>\n\n\n\n<p>Potranno inoltre venire a conoscenza dei dati personali degli Utenti i soggetti terzi che potranno trattare dati personali per conto del Titolare in qualit\u00e0 di \u201cResponsabili Esterni del Trattamento\u201d, quali, a titolo esemplificativo, fornitori di servizi informatici e logistici funzionali all\u2019operativit\u00e0 del Sito, fornitori di servizi in&nbsp;<em>outsourcing<\/em>&nbsp;o&nbsp;<em>cloud computing<\/em>, professionisti e consulenti.<\/p>\n\n\n\n<p>I dati potranno inoltre essere comunicati all\u2019Amministrazione Finanziaria e\/o altre autorit\u00e0 pubbliche ove ci\u00f2 sia imposto dalla legge o su loro richiesta.<\/p>\n\n\n\n<p>Gli Utenti hanno il diritto di ottenere una lista degli eventuali responsabili del trattamento nominati dal Titolare, facendone richiesta al Titolare con le modalit\u00e0 indicate al successivo paragrafo 4.<\/p>\n\n\n\n<p>Diritti degli Interessati.<\/p>\n\n\n\n<p>Gli Utenti potranno esercitare i diritti garantiti loro dalla Normativa Applicabile, contattando il Titolare con le seguenti modalit\u00e0:<\/p>\n\n\n\n<p>Inviando una raccomandata a\/r alla sede legale del Titolare;<\/p>\n\n\n\n<p>Inviando un messaggio di posta elettronica all\u2019indirizzo omart@omart.it;<\/p>\n\n\n\n<p>Ai sensi della Normativa Applicabile, il Titolare informa che gli Utenti hanno il diritto di ottenere l\u2019indicazione (i) dell\u2019origine dei dati personali; (ii) delle finalit\u00e0 e modalit\u00e0 del trattamento; (iii) della logica applicata in caso di trattamento effettuato con l\u2019ausilio di strumenti elettronici; (iv) degli estremi identificativi del titolare e dei responsabili; (v) dei soggetti o delle categorie di soggetti ai quali i dati personali possono essere comunicati o che possono venirne a conoscenza in qualit\u00e0 di responsabili o incaricati.<\/p>\n\n\n\n<p>Inoltre, gli Utenti hanno il diritto di ottenere:<\/p>\n\n\n\n<p>l\u2019accesso, l\u2019aggiornamento, la&nbsp;rettificazione&nbsp;ovvero, quando vi hanno interesse, l\u2019integrazione&nbsp;dei dati;<\/p>\n\n\n\n<p>la&nbsp;cancellazione, la&nbsp;trasformazione in forma anonima&nbsp;o il&nbsp;blocco&nbsp;dei dati trattati in violazione di legge, compresi quelli di cui non \u00e8 necessaria la conservazione in relazione agli scopi per i quali i dati sono stati raccolti o successivamente trattati;<\/p>\n\n\n\n<p>l\u2019attestazione che le operazioni di cui alle lettere a) e b) sono state portate a conoscenza, anche per quanto riguarda il loro contenuto, di coloro ai quali i dati sono stati comunicati o diffusi, eccettuato il caso in cui tale adempimento si rivela impossibile o comporta un impiego di mezzi manifestamente sproporzionato rispetto al diritto tutelato.<\/p>\n\n\n\n<p>Inoltre, gli Utenti hanno:<\/p>\n\n\n\n<p>il diritto di&nbsp;revocare il consenso&nbsp;in qualsiasi momento, qualora il trattamento si basi sul loro consenso;<\/p>\n\n\n\n<p>il diritto alla&nbsp;portabilit\u00e0 dei dati&nbsp;(diritto di ricevere tutti i dati personali che li riguardano in un formato strutturato, di uso comune e leggibile da dispositivo automatico), il diritto alla&nbsp;limitazione&nbsp;del&nbsp;trattamento&nbsp;dei dati personali e il&nbsp;diritto alla cancellazione&nbsp;(\u201cdiritto all\u2019oblio\u201d);<\/p>\n\n\n\n<p>il&nbsp;diritto di opporsi:<\/p>\n\n\n\n<p>in tutto o in parte, per motivi legittimi al trattamento dei dati personali che li riguardano, ancorch\u00e9 pertinenti allo scopo della raccolta;<\/p>\n\n\n\n<p>in tutto o in parte, al trattamento di dati personali che li riguardano a fini di invio di materiale pubblicitario o di vendita diretta o per il compimento di ricerche di mercato o di comunicazione commerciale;<\/p>\n\n\n\n<p>qualora i dati personali siano trattati per finalit\u00e0 di marketing diretto, in qualsiasi momento, al trattamento dei loro dati effettuato per tale finalit\u00e0, compresa la profilazione nella misura in cui sia connessa a tale marketing diretto.<\/p>\n\n\n\n<p>Qualora ritenessero che il trattamento che li riguarda violi il Regolamento, il diritto di&nbsp;proporre reclamo a un\u2019Autorit\u00e0 di controllo&nbsp;(nello Stato membro in cui risiedono abitualmente, in quello in cui lavorano oppure in quello in cui si \u00e8 verificata la presunta violazione). L\u2019Autorit\u00e0 di controllo italiana \u00e8 il&nbsp;Garante per la protezione dei dati personali, con sede in Piazza di Monte Citorio n. 121, 00186 \u2013 Roma&nbsp;<\/p>\n","protected":false},"excerpt":{"rendered":"<p>Informativa Privacy agli Utenti. Omart di S. Girardi &amp; C. S.n.c.&nbsp;con sede legale in Via Corriva, 22, 31050 Vedelago TV, proprietario del sito internet https:\/\/www.omart.it\/ (di seguito, il \u201cSito\u201d), in qualit\u00e0 di&nbsp;titolare del trattamento&nbsp;dei dati personali&nbsp;degli utenti che navigano e che sono iscritti al Sito (di seguito, gli \u201cUtenti\u201d) fornisce qui di seguito l\u2019informativa privacy&hellip; <br \/> <a class=\"read-more\" href=\"https:\/\/www.omart.it\/it\/privacy-policy\/\">Leggi tutto<\/a><\/p>\n","protected":false},"author":1,"featured_media":0,"parent":0,"menu_order":0,"comment_status":"closed","ping_status":"open","template":"","meta":{"ngg_post_thumbnail":0,"footnotes":""},"class_list":["post-3","page","type-page","status-publish","hentry"],"yoast_head":"<!-- This site is optimized with the Yoast SEO plugin v23.6 - https:\/\/yoast.com\/wordpress\/plugins\/seo\/ -->\n<title>Privacy Policy - OMART<\/title>\n<meta name=\"robots\" content=\"index, follow, max-snippet:-1, max-image-preview:large, max-video-preview:-1\" \/>\n<link rel=\"canonical\" href=\"https:\/\/www.omart.it\/it\/privacy-policy\/\" \/>\n<meta property=\"og:locale\" content=\"it_IT\" \/>\n<meta property=\"og:type\" content=\"article\" \/>\n<meta property=\"og:title\" content=\"Privacy Policy - OMART\" \/>\n<meta property=\"og:description\" content=\"Informativa Privacy agli Utenti. Omart di S. Girardi &amp; C. S.n.c.&nbsp;con sede legale in Via Corriva, 22, 31050 Vedelago TV, proprietario del sito internet https:\/\/www.omart.it\/ (di seguito, il \u201cSito\u201d), in qualit\u00e0 di&nbsp;titolare del trattamento&nbsp;dei dati personali&nbsp;degli utenti che navigano e che sono iscritti al Sito (di seguito, gli \u201cUtenti\u201d) fornisce qui di seguito l\u2019informativa privacy&hellip; Leggi tutto\" \/>\n<meta property=\"og:url\" content=\"https:\/\/www.omart.it\/it\/privacy-policy\/\" \/>\n<meta property=\"og:site_name\" content=\"OMART\" \/>\n<meta property=\"article:modified_time\" content=\"2024-07-19T14:44:01+00:00\" \/>\n<meta name=\"twitter:card\" content=\"summary_large_image\" \/>\n<meta name=\"twitter:label1\" content=\"Tempo di lettura stimato\" \/>\n\t<meta name=\"twitter:data1\" content=\"7 minuti\" \/>\n<script type=\"application\/ld+json\" class=\"yoast-schema-graph\">{\"@context\":\"https:\/\/schema.org\",\"@graph\":[{\"@type\":\"WebPage\",\"@id\":\"https:\/\/www.omart.it\/it\/privacy-policy\/\",\"url\":\"https:\/\/www.omart.it\/it\/privacy-policy\/\",\"name\":\"Privacy Policy - OMART\",\"isPartOf\":{\"@id\":\"https:\/\/www.omart.it\/it\/#website\"},\"datePublished\":\"2023-03-08T10:41:47+00:00\",\"dateModified\":\"2024-07-19T14:44:01+00:00\",\"breadcrumb\":{\"@id\":\"https:\/\/www.omart.it\/it\/privacy-policy\/#breadcrumb\"},\"inLanguage\":\"it-IT\",\"potentialAction\":[{\"@type\":\"ReadAction\",\"target\":[\"https:\/\/www.omart.it\/it\/privacy-policy\/\"]}]},{\"@type\":\"BreadcrumbList\",\"@id\":\"https:\/\/www.omart.it\/it\/privacy-policy\/#breadcrumb\",\"itemListElement\":[{\"@type\":\"ListItem\",\"position\":1,\"name\":\"Home\",\"item\":\"http:\/\/www.omart.it\/it\/\"},{\"@type\":\"ListItem\",\"position\":2,\"name\":\"Privacy Policy\"}]},{\"@type\":\"WebSite\",\"@id\":\"https:\/\/www.omart.it\/it\/#website\",\"url\":\"https:\/\/www.omart.it\/it\/\",\"name\":\"OMART\",\"description\":\"lavoriamo con passione\",\"publisher\":{\"@id\":\"https:\/\/www.omart.it\/it\/#organization\"},\"potentialAction\":[{\"@type\":\"SearchAction\",\"target\":{\"@type\":\"EntryPoint\",\"urlTemplate\":\"https:\/\/www.omart.it\/it\/?s={search_term_string}\"},\"query-input\":{\"@type\":\"PropertyValueSpecification\",\"valueRequired\":true,\"valueName\":\"search_term_string\"}}],\"inLanguage\":\"it-IT\"},{\"@type\":\"Organization\",\"@id\":\"https:\/\/www.omart.it\/it\/#organization\",\"name\":\"OMART\",\"url\":\"https:\/\/www.omart.it\/it\/\",\"logo\":{\"@type\":\"ImageObject\",\"inLanguage\":\"it-IT\",\"@id\":\"https:\/\/www.omart.it\/it\/#\/schema\/logo\/image\/\",\"url\":\"https:\/\/www.omart.it\/it\/wp-content\/uploads\/2023\/09\/logo_omart.png\",\"contentUrl\":\"https:\/\/www.omart.it\/it\/wp-content\/uploads\/2023\/09\/logo_omart.png\",\"width\":950,\"height\":385,\"caption\":\"OMART\"},\"image\":{\"@id\":\"https:\/\/www.omart.it\/it\/#\/schema\/logo\/image\/\"}}]}<\/script>\n<!-- \/ Yoast SEO plugin. -->","yoast_head_json":{"title":"Privacy Policy - OMART","robots":{"index":"index","follow":"follow","max-snippet":"max-snippet:-1","max-image-preview":"max-image-preview:large","max-video-preview":"max-video-preview:-1"},"canonical":"https:\/\/www.omart.it\/it\/privacy-policy\/","og_locale":"it_IT","og_type":"article","og_title":"Privacy Policy - OMART","og_description":"Informativa Privacy agli Utenti. Omart di S. Girardi &amp; C. S.n.c.&nbsp;con sede legale in Via Corriva, 22, 31050 Vedelago TV, proprietario del sito internet https:\/\/www.omart.it\/ (di seguito, il \u201cSito\u201d), in qualit\u00e0 di&nbsp;titolare del trattamento&nbsp;dei dati personali&nbsp;degli utenti che navigano e che sono iscritti al Sito (di seguito, gli \u201cUtenti\u201d) fornisce qui di seguito l\u2019informativa privacy&hellip; Leggi tutto","og_url":"https:\/\/www.omart.it\/it\/privacy-policy\/","og_site_name":"OMART","article_modified_time":"2024-07-19T14:44:01+00:00","twitter_card":"summary_large_image","twitter_misc":{"Tempo di lettura stimato":"7 minuti"},"schema":{"@context":"https:\/\/schema.org","@graph":[{"@type":"WebPage","@id":"https:\/\/www.omart.it\/it\/privacy-policy\/","url":"https:\/\/www.omart.it\/it\/privacy-policy\/","name":"Privacy Policy - OMART","isPartOf":{"@id":"https:\/\/www.omart.it\/it\/#website"},"datePublished":"2023-03-08T10:41:47+00:00","dateModified":"2024-07-19T14:44:01+00:00","breadcrumb":{"@id":"https:\/\/www.omart.it\/it\/privacy-policy\/#breadcrumb"},"inLanguage":"it-IT","potentialAction":[{"@type":"ReadAction","target":["https:\/\/www.omart.it\/it\/privacy-policy\/"]}]},{"@type":"BreadcrumbList","@id":"https:\/\/www.omart.it\/it\/privacy-policy\/#breadcrumb","itemListElement":[{"@type":"ListItem","position":1,"name":"Home","item":"http:\/\/www.omart.it\/it\/"},{"@type":"ListItem","position":2,"name":"Privacy Policy"}]},{"@type":"WebSite","@id":"https:\/\/www.omart.it\/it\/#website","url":"https:\/\/www.omart.it\/it\/","name":"OMART","description":"lavoriamo con passione","publisher":{"@id":"https:\/\/www.omart.it\/it\/#organization"},"potentialAction":[{"@type":"SearchAction","target":{"@type":"EntryPoint","urlTemplate":"https:\/\/www.omart.it\/it\/?s={search_term_string}"},"query-input":{"@type":"PropertyValueSpecification","valueRequired":true,"valueName":"search_term_string"}}],"inLanguage":"it-IT"},{"@type":"Organization","@id":"https:\/\/www.omart.it\/it\/#organization","name":"OMART","url":"https:\/\/www.omart.it\/it\/","logo":{"@type":"ImageObject","inLanguage":"it-IT","@id":"https:\/\/www.omart.it\/it\/#\/schema\/logo\/image\/","url":"https:\/\/www.omart.it\/it\/wp-content\/uploads\/2023\/09\/logo_omart.png","contentUrl":"https:\/\/www.omart.it\/it\/wp-content\/uploads\/2023\/09\/logo_omart.png","width":950,"height":385,"caption":"OMART"},"image":{"@id":"https:\/\/www.omart.it\/it\/#\/schema\/logo\/image\/"}}]}},"_links":{"self":[{"href":"https:\/\/www.omart.it\/it\/wp-json\/wp\/v2\/pages\/3","targetHints":{"allow":["GET"]}}],"collection":[{"href":"https:\/\/www.omart.it\/it\/wp-json\/wp\/v2\/pages"}],"about":[{"href":"https:\/\/www.omart.it\/it\/wp-json\/wp\/v2\/types\/page"}],"author":[{"embeddable":true,"href":"https:\/\/www.omart.it\/it\/wp-json\/wp\/v2\/users\/1"}],"replies":[{"embeddable":true,"href":"https:\/\/www.omart.it\/it\/wp-json\/wp\/v2\/comments?post=3"}],"version-history":[{"count":2,"href":"https:\/\/www.omart.it\/it\/wp-json\/wp\/v2\/pages\/3\/revisions"}],"predecessor-version":[{"id":231,"href":"https:\/\/www.omart.it\/it\/wp-json\/wp\/v2\/pages\/3\/revisions\/231"}],"wp:attachment":[{"href":"https:\/\/www.omart.it\/it\/wp-json\/wp\/v2\/media?parent=3"}],"curies":[{"name":"wp","href":"https:\/\/api.w.org\/{rel}","templated":true}]}}