{"id":48,"date":"2023-09-18T14:42:05","date_gmt":"2023-09-18T12:42:05","guid":{"rendered":"https:\/\/www.omart.it\/it\/?page_id=48"},"modified":"2024-07-19T17:14:06","modified_gmt":"2024-07-19T15:14:06","slug":"omart","status":"publish","type":"page","link":"https:\/\/www.omart.it\/it\/omart\/","title":{"rendered":"Omart"},"content":{"rendered":"\n<p>Dal 1976&nbsp;<strong>OMART<\/strong>&nbsp;\u00e8 specializzata nella lavorazione e nella fornitura di particolari per macchine movimento terra, trasporto pesante e gruppi meccanici assemblati in base alle esigenze del cliente, grazie all&#8217;utilizzo di impianti e macchinari ad alta tecnologia in continuo aggiornamento.<\/p>\n\n\n\n<p><br>Le caratteristiche che contraddistinguono\u00a0<strong>OMART<\/strong>\u00a0sono qualit\u00e0, affidabilit\u00e0 e competenza. Ci\u00f2 che quotidianamente consente il raggiungimento di questi obiettivi sono la ricerca di persone qualificate alle quali viene fornito un costante aggiornamento e le strutture all&#8217;avanguardia presenti negli stabilimenti suddivisi nei vari reparti di lavorazione.<\/p>\n\n\n\n<p><br>Ogni anno vengono pianificati e attuati dei programmi che consentono un continuo miglioramento per essere sempre competitivi, seguendo le rapide evoluzioni del mercato e le richieste dei clienti.<\/p>\n\n\n\n<p><\/p>\n\n\n\n<p>I nostri principali clienti sono Berco Spa (Thyssenkrupp), Caterpillar Mec Track, Italtractor, Lead Time, Carraro, Breton, Fim Cast, Rexnord Tollok, Nitesco.<\/p>\n\n\n\n<p>Siamo certificati con DNV 9001:2015.<\/p>\n\n\n\n<p>Il numero dei dipendenti \u00e8 di 58 addetti, fra i quali 50 nel reparto produzione, 2 al collaudo, 1 al magazzino, 2 alla logistica e pianificazione 3 in amministrazione.<\/p>\n\n\n\n<p><br>Lavoriamo su due capannoni, uno da 5500 mq e l&#8217;altro da 4500 mq.<\/p>\n\n\n\n<p><br>I due titolari che operano nell&#8217;azienda, si occupano rispettivamente, il Sig. <strong><strong>Davide<\/strong> Girardi<\/strong> del settore commerciale\/acquisti, il Sig. <strong><strong>Santo<\/strong><\/strong> <strong>Girardi<\/strong> del settore tecnico.<\/p>\n\n\n\n<p><\/p>\n\n\n\n<div class=\"wp-block-buttons is-layout-flex wp-block-buttons-is-layout-flex\">\n<div class=\"wp-block-button\"><a class=\"wp-block-button__link wp-element-button\" href=\"http:\/\/www.omart.it\/it\/wp-content\/uploads\/2023\/09\/CODICE-ETICO.pdf\">Il nostro codice etico<\/a><\/div>\n<\/div>\n\n\n\n<div class=\"wp-block-buttons is-layout-flex wp-block-buttons-is-layout-flex\">\n<div class=\"wp-block-button\"><a class=\"wp-block-button__link wp-element-button\" href=\"http:\/\/www.omart.it\/it\/wp-content\/uploads\/2023\/11\/MappaAree-ModelloOrganizz.pdf\">Modello 231<\/a><\/div>\n<\/div>\n","protected":false},"excerpt":{"rendered":"<p>Dal 1976&nbsp;OMART&nbsp;\u00e8 specializzata nella lavorazione e nella fornitura di particolari per macchine movimento terra, trasporto pesante e gruppi meccanici assemblati in base alle esigenze del cliente, grazie all&#8217;utilizzo di impianti e macchinari ad alta tecnologia in continuo aggiornamento. Le caratteristiche che contraddistinguono\u00a0OMART\u00a0sono qualit\u00e0, affidabilit\u00e0 e competenza. Ci\u00f2 che quotidianamente consente il raggiungimento di questi obiettivi&hellip; <br \/> <a class=\"read-more\" href=\"https:\/\/www.omart.it\/it\/omart\/\">Leggi tutto<\/a><\/p>\n","protected":false},"author":1,"featured_media":0,"parent":0,"menu_order":0,"comment_status":"closed","ping_status":"closed","template":"","meta":{"ngg_post_thumbnail":0,"footnotes":""},"class_list":["post-48","page","type-page","status-publish","hentry"],"yoast_head":"<!-- This site is optimized with the Yoast SEO plugin v23.6 - https:\/\/yoast.com\/wordpress\/plugins\/seo\/ -->\n<title>Omart - OMART<\/title>\n<meta name=\"robots\" content=\"index, follow, max-snippet:-1, max-image-preview:large, max-video-preview:-1\" \/>\n<link rel=\"canonical\" href=\"http:\/\/www.omart.it\/it\/omart\/\" \/>\n<meta property=\"og:locale\" content=\"it_IT\" \/>\n<meta property=\"og:type\" content=\"article\" \/>\n<meta property=\"og:title\" content=\"Omart - OMART\" \/>\n<meta property=\"og:description\" content=\"Dal 1976&nbsp;OMART&nbsp;\u00e8 specializzata nella lavorazione e nella fornitura di particolari per macchine movimento terra, trasporto pesante e gruppi meccanici assemblati in base alle esigenze del cliente, grazie all&#8217;utilizzo di impianti e macchinari ad alta tecnologia in continuo aggiornamento. Le caratteristiche che contraddistinguono\u00a0OMART\u00a0sono qualit\u00e0, affidabilit\u00e0 e competenza. Ci\u00f2 che quotidianamente consente il raggiungimento di questi obiettivi&hellip; Leggi tutto\" \/>\n<meta property=\"og:url\" content=\"http:\/\/www.omart.it\/it\/omart\/\" \/>\n<meta property=\"og:site_name\" content=\"OMART\" \/>\n<meta property=\"article:modified_time\" content=\"2024-07-19T15:14:06+00:00\" \/>\n<meta name=\"twitter:card\" content=\"summary_large_image\" \/>\n<meta name=\"twitter:label1\" content=\"Tempo di lettura stimato\" \/>\n\t<meta name=\"twitter:data1\" content=\"2 minuti\" \/>\n<script type=\"application\/ld+json\" class=\"yoast-schema-graph\">{\"@context\":\"https:\/\/schema.org\",\"@graph\":[{\"@type\":\"WebPage\",\"@id\":\"http:\/\/www.omart.it\/it\/omart\/\",\"url\":\"http:\/\/www.omart.it\/it\/omart\/\",\"name\":\"Omart - OMART\",\"isPartOf\":{\"@id\":\"https:\/\/www.omart.it\/it\/#website\"},\"datePublished\":\"2023-09-18T12:42:05+00:00\",\"dateModified\":\"2024-07-19T15:14:06+00:00\",\"breadcrumb\":{\"@id\":\"http:\/\/www.omart.it\/it\/omart\/#breadcrumb\"},\"inLanguage\":\"it-IT\",\"potentialAction\":[{\"@type\":\"ReadAction\",\"target\":[\"http:\/\/www.omart.it\/it\/omart\/\"]}]},{\"@type\":\"BreadcrumbList\",\"@id\":\"http:\/\/www.omart.it\/it\/omart\/#breadcrumb\",\"itemListElement\":[{\"@type\":\"ListItem\",\"position\":1,\"name\":\"Home\",\"item\":\"http:\/\/www.omart.it\/it\/\"},{\"@type\":\"ListItem\",\"position\":2,\"name\":\"Omart\"}]},{\"@type\":\"WebSite\",\"@id\":\"https:\/\/www.omart.it\/it\/#website\",\"url\":\"https:\/\/www.omart.it\/it\/\",\"name\":\"OMART\",\"description\":\"lavoriamo con passione\",\"publisher\":{\"@id\":\"https:\/\/www.omart.it\/it\/#organization\"},\"potentialAction\":[{\"@type\":\"SearchAction\",\"target\":{\"@type\":\"EntryPoint\",\"urlTemplate\":\"https:\/\/www.omart.it\/it\/?s={search_term_string}\"},\"query-input\":{\"@type\":\"PropertyValueSpecification\",\"valueRequired\":true,\"valueName\":\"search_term_string\"}}],\"inLanguage\":\"it-IT\"},{\"@type\":\"Organization\",\"@id\":\"https:\/\/www.omart.it\/it\/#organization\",\"name\":\"OMART\",\"url\":\"https:\/\/www.omart.it\/it\/\",\"logo\":{\"@type\":\"ImageObject\",\"inLanguage\":\"it-IT\",\"@id\":\"https:\/\/www.omart.it\/it\/#\/schema\/logo\/image\/\",\"url\":\"https:\/\/www.omart.it\/it\/wp-content\/uploads\/2023\/09\/logo_omart.png\",\"contentUrl\":\"https:\/\/www.omart.it\/it\/wp-content\/uploads\/2023\/09\/logo_omart.png\",\"width\":950,\"height\":385,\"caption\":\"OMART\"},\"image\":{\"@id\":\"https:\/\/www.omart.it\/it\/#\/schema\/logo\/image\/\"}}]}<\/script>\n<!-- \/ Yoast SEO plugin. -->","yoast_head_json":{"title":"Omart - OMART","robots":{"index":"index","follow":"follow","max-snippet":"max-snippet:-1","max-image-preview":"max-image-preview:large","max-video-preview":"max-video-preview:-1"},"canonical":"http:\/\/www.omart.it\/it\/omart\/","og_locale":"it_IT","og_type":"article","og_title":"Omart - OMART","og_description":"Dal 1976&nbsp;OMART&nbsp;\u00e8 specializzata nella lavorazione e nella fornitura di particolari per macchine movimento terra, trasporto pesante e gruppi meccanici assemblati in base alle esigenze del cliente, grazie all&#8217;utilizzo di impianti e macchinari ad alta tecnologia in continuo aggiornamento. Le caratteristiche che contraddistinguono\u00a0OMART\u00a0sono qualit\u00e0, affidabilit\u00e0 e competenza. Ci\u00f2 che quotidianamente consente il raggiungimento di questi obiettivi&hellip; Leggi tutto","og_url":"http:\/\/www.omart.it\/it\/omart\/","og_site_name":"OMART","article_modified_time":"2024-07-19T15:14:06+00:00","twitter_card":"summary_large_image","twitter_misc":{"Tempo di lettura stimato":"2 minuti"},"schema":{"@context":"https:\/\/schema.org","@graph":[{"@type":"WebPage","@id":"http:\/\/www.omart.it\/it\/omart\/","url":"http:\/\/www.omart.it\/it\/omart\/","name":"Omart - OMART","isPartOf":{"@id":"https:\/\/www.omart.it\/it\/#website"},"datePublished":"2023-09-18T12:42:05+00:00","dateModified":"2024-07-19T15:14:06+00:00","breadcrumb":{"@id":"http:\/\/www.omart.it\/it\/omart\/#breadcrumb"},"inLanguage":"it-IT","potentialAction":[{"@type":"ReadAction","target":["http:\/\/www.omart.it\/it\/omart\/"]}]},{"@type":"BreadcrumbList","@id":"http:\/\/www.omart.it\/it\/omart\/#breadcrumb","itemListElement":[{"@type":"ListItem","position":1,"name":"Home","item":"http:\/\/www.omart.it\/it\/"},{"@type":"ListItem","position":2,"name":"Omart"}]},{"@type":"WebSite","@id":"https:\/\/www.omart.it\/it\/#website","url":"https:\/\/www.omart.it\/it\/","name":"OMART","description":"lavoriamo con passione","publisher":{"@id":"https:\/\/www.omart.it\/it\/#organization"},"potentialAction":[{"@type":"SearchAction","target":{"@type":"EntryPoint","urlTemplate":"https:\/\/www.omart.it\/it\/?s={search_term_string}"},"query-input":{"@type":"PropertyValueSpecification","valueRequired":true,"valueName":"search_term_string"}}],"inLanguage":"it-IT"},{"@type":"Organization","@id":"https:\/\/www.omart.it\/it\/#organization","name":"OMART","url":"https:\/\/www.omart.it\/it\/","logo":{"@type":"ImageObject","inLanguage":"it-IT","@id":"https:\/\/www.omart.it\/it\/#\/schema\/logo\/image\/","url":"https:\/\/www.omart.it\/it\/wp-content\/uploads\/2023\/09\/logo_omart.png","contentUrl":"https:\/\/www.omart.it\/it\/wp-content\/uploads\/2023\/09\/logo_omart.png","width":950,"height":385,"caption":"OMART"},"image":{"@id":"https:\/\/www.omart.it\/it\/#\/schema\/logo\/image\/"}}]}},"_links":{"self":[{"href":"https:\/\/www.omart.it\/it\/wp-json\/wp\/v2\/pages\/48","targetHints":{"allow":["GET"]}}],"collection":[{"href":"https:\/\/www.omart.it\/it\/wp-json\/wp\/v2\/pages"}],"about":[{"href":"https:\/\/www.omart.it\/it\/wp-json\/wp\/v2\/types\/page"}],"author":[{"embeddable":true,"href":"https:\/\/www.omart.it\/it\/wp-json\/wp\/v2\/users\/1"}],"replies":[{"embeddable":true,"href":"https:\/\/www.omart.it\/it\/wp-json\/wp\/v2\/comments?post=48"}],"version-history":[{"count":18,"href":"https:\/\/www.omart.it\/it\/wp-json\/wp\/v2\/pages\/48\/revisions"}],"predecessor-version":[{"id":255,"href":"https:\/\/www.omart.it\/it\/wp-json\/wp\/v2\/pages\/48\/revisions\/255"}],"wp:attachment":[{"href":"https:\/\/www.omart.it\/it\/wp-json\/wp\/v2\/media?parent=48"}],"curies":[{"name":"wp","href":"https:\/\/api.w.org\/{rel}","templated":true}]}}